{"id":16718,"date":"2024-11-01T09:29:42","date_gmt":"2024-11-01T09:29:42","guid":{"rendered":"https:\/\/gor.agensium.com\/?page_id=16718"},"modified":"2025-01-23T07:50:44","modified_gmt":"2025-01-23T07:50:44","slug":"gift-card","status":"publish","type":"page","link":"https:\/\/hairart.md\/ru\/gift-card\/","title":{"rendered":"\u041f\u043e\u0434\u0430\u0440\u043e\u0447\u043d\u0430\u044f \u043a\u0430\u0440\u0442\u0430"},"content":{"rendered":"<div data-elementor-type=\"wp-page\" data-elementor-id=\"16718\" class=\"elementor elementor-16718\">\n\t\t\t\t<div class=\"wd-negative-gap elementor-element elementor-element-c16ce84 e-flex e-con-boxed e-con e-parent\" data-id=\"c16ce84\" data-element_type=\"container\">\n\t\t\t\t\t<div class=\"e-con-inner\">\n\t\t\t\t<div class=\"elementor-element elementor-element-6368035 wd-width-100 elementor-widget elementor-widget-wd_title\" data-id=\"6368035\" data-element_type=\"widget\" data-widget_type=\"wd_title.default\">\n\t\t\t\t<div class=\"elementor-widget-container\">\n\t\t\t\t\t\t\t\t<link rel=\"stylesheet\" id=\"wd-section-title-css\" href=\"https:\/\/hairart.md\/wp-content\/themes\/woodmart\/css\/parts\/el-section-title.min.css?ver=7.6.0\" type=\"text\/css\" media=\"all\" \/> \t\t\t\t\t<div class=\"title-wrapper set-mb-s reset-last-child wd-title-color-default wd-title-style-default wd-title-size-extra-large text-center\">\n\n\t\t\t\t\t\t\t<div class=\"title-subtitle subtitle-color-default subtitle-style-default wd-fontsize-m\">\n\t\t\t\t\t<h2>\u041f\u043e\u0434\u0430\u0440\u043e\u0447\u043d\u044b\u0439 \u0441\u0435\u0440\u0442\u0438\u0444\u0438\u043a\u0430\u0442 \u043e\u0442 Hair Art Hub \u2013 \u0438\u0434\u0435\u0430\u043b\u044c\u043d\u044b\u0439 \u043f\u043e\u0434\u0430\u0440\u043e\u043a \u0434\u043b\u044f \u043a\u0440\u0430\u0441\u043e\u0442\u044b \u0438 \u0443\u0445\u043e\u0434\u0430 \u0437\u0430 \u0432\u043e\u043b\u043e\u0441\u0430\u043c\u0438!<\/h2>\t\t\t\t<\/div>\n\t\t\t\n\t\t\t<div class=\"liner-continer\">\n\t\t\t\t<h4 class=\"woodmart-title-container title wd-fontsize-xxxl\"><\/h4> \n\t\t\t\t\t\t\t<\/div>\n\n\t\t\t\t\t\t\t<div class=\"title-after_title set-cont-mb-s reset-last-child wd-fontsize-s\">\n\t\t\t\t\t<p>\u0418\u0449\u0435\u0442\u0435 \u0443\u043d\u0438\u043a\u0430\u043b\u044c\u043d\u044b\u0439 \u043f\u043e\u0434\u0430\u0440\u043e\u043a \u0434\u043b\u044f \u0431\u043b\u0438\u0437\u043a\u043e\u0433\u043e \u0447\u0435\u043b\u043e\u0432\u0435\u043a\u0430? \u041f\u043e\u0434\u0430\u0440\u043e\u0447\u043d\u044b\u0439 \u0441\u0435\u0440\u0442\u0438\u0444\u0438\u043a\u0430\u0442 \u043e\u0442 Hair Art Hub \u2013 \u044d\u0442\u043e \u0432\u043e\u0437\u043c\u043e\u0436\u043d\u043e\u0441\u0442\u044c \u043f\u043e\u0434\u0430\u0440\u0438\u0442\u044c \u0438\u0434\u0435\u0430\u043b\u044c\u043d\u044b\u0435 \u0432\u043e\u043b\u043e\u0441\u044b \u0438 \u043d\u0435\u0437\u0430\u0431\u044b\u0432\u0430\u0435\u043c\u044b\u0439 \u0443\u0445\u043e\u0434. \u0421 \u043d\u0430\u0448\u0438\u043c \u0441\u0435\u0440\u0442\u0438\u0444\u0438\u043a\u0430\u0442\u043e\u043c \u0432\u0430\u0448\u0438 \u0440\u043e\u0434\u043d\u044b\u0435 \u0438 \u0434\u0440\u0443\u0437\u044c\u044f \u0441\u043c\u043e\u0433\u0443\u0442 \u0432\u044b\u0431\u0440\u0430\u0442\u044c \u043f\u0440\u043e\u0444\u0435\u0441\u0441\u0438\u043e\u043d\u0430\u043b\u044c\u043d\u044b\u0435 \u043f\u0440\u043e\u0446\u0435\u0434\u0443\u0440\u044b \u043f\u043e \u0432\u043e\u0441\u0441\u0442\u0430\u043d\u043e\u0432\u043b\u0435\u043d\u0438\u044e \u0438 \u0443\u0445\u043e\u0434\u0443 \u0437\u0430 \u0432\u043e\u043b\u043e\u0441\u0430\u043c\u0438 \u043d\u0430 \u0441\u0432\u043e\u0439 \u0432\u043a\u0443\u0441.<\/p>\t\t\t\t<\/div>\n\t\t\t\t\t<\/div>\n\t\t\t\t\t\t<\/div>\n\t\t\t\t<\/div>\n\t\t\t\t\t<\/div>\n\t\t\t\t<\/div>\n\t\t<div class=\"wd-negative-gap elementor-element elementor-element-91fcfc5 e-flex e-con-boxed e-con e-parent\" data-id=\"91fcfc5\" data-element_type=\"container\">\n\t\t\t\t\t<div class=\"e-con-inner\">\n\t\t\t\t<div class=\"elementor-element elementor-element-51cd54b wd-width-100 elementor-widget elementor-widget-wd_images_gallery\" data-id=\"51cd54b\" data-element_type=\"widget\" data-widget_type=\"wd_images_gallery.default\">\n\t\t\t\t<div class=\"elementor-widget-container\">\n\t\t\t\t\t\t\t\t<link rel=\"stylesheet\" id=\"wd-photoswipe-css\" href=\"https:\/\/hairart.md\/wp-content\/themes\/woodmart\/css\/parts\/lib-photoswipe.min.css?ver=7.6.0\" type=\"text\/css\" media=\"all\" \/> \t\t\t\t\t\t<link rel=\"stylesheet\" id=\"wd-image-gallery-css\" href=\"https:\/\/hairart.md\/wp-content\/themes\/woodmart\/css\/parts\/el-gallery.min.css?ver=7.6.0\" type=\"text\/css\" media=\"all\" \/> \t\t\t\t\t<div class=\"wd-images-gallery photoswipe-images\" style=\"--wd-align-items:center; --wd-justify-content:center;\">\n\t\t\t\t\t\t<div class=\"wd-grid-g\" style=\"--wd-col-lg:2;--wd-col-md:2;--wd-col-sm:1;--wd-gap-lg:20px;--wd-gap-sm:10px;\" >\n\t\t\t\t\t\t\t\t\t\t\t\t\t\t\t\t\t\t<div class=\"wd-gallery-item wd-col\">\n\t\t\t\t\t\t\t\t\t\t\t\t\t<a  href=\"https:\/\/hairart.md\/wp-content\/uploads\/2024\/12\/IMG_9564-1-jpg-e1734516578876.avif\"data-width=\"1747\" data-height=\"1182\" data-index=\"1\" data-elementor-open-lightbox=\"no\">\n\t\t\t\t\t\t\n\t\t\t\t\t\t<img decoding=\"async\" src=\"https:\/\/hairart.md\/wp-content\/uploads\/2024\/12\/IMG_9564-1-jpg-e1734516578876-1182x800.avif\"alt=\"IMG_9564\">\n\t\t\t\t\t\t\t\t\t\t\t\t\t<\/a>\n\t\t\t\t\t\t\t\t\t\t\t<\/div>\n\t\t\t\t\t\t\t\t\t\t\t\t\t\t\t<div class=\"wd-gallery-item wd-col\">\n\t\t\t\t\t\t\t\t\t\t\t\t\t<a  href=\"https:\/\/hairart.md\/wp-content\/uploads\/2024\/12\/IMG_9565-1-jpg-e1734516635260.avif\"data-width=\"1600\" data-height=\"1082\" data-index=\"2\" data-elementor-open-lightbox=\"no\">\n\t\t\t\t\t\t\n\t\t\t\t\t\t<img decoding=\"async\" src=\"https:\/\/hairart.md\/wp-content\/uploads\/2024\/12\/IMG_9565-1-jpg-e1734516635260-1183x800.avif\"alt=\"IMG_9565\">\n\t\t\t\t\t\t\t\t\t\t\t\t\t<\/a>\n\t\t\t\t\t\t\t\t\t\t\t<\/div>\n\t\t\t\t\t\t\t\t\t\t\t\t\t<\/div>\n\t\t\t\t\t<\/div>\n\t\t\t\t\t\t<\/div>\n\t\t\t\t<\/div>\n\t\t<div class=\"elementor-element elementor-element-c1acdff e-grid e-con-full e-con e-child\" data-id=\"c1acdff\" data-element_type=\"container\">\n\t\t\t\t<div class=\"elementor-element elementor-element-a4133ec elementor-widget elementor-widget-wd_text_block\" data-id=\"a4133ec\" data-element_type=\"widget\" data-widget_type=\"wd_text_block.default\">\n\t\t\t\t<div class=\"elementor-widget-container\">\n\t\t\t\t\t\t\t\t<link rel=\"stylesheet\" id=\"wd-text-block-css\" href=\"https:\/\/hairart.md\/wp-content\/themes\/woodmart\/css\/parts\/el-text-block.min.css?ver=7.6.0\" type=\"text\/css\" media=\"all\" \/> \t\t\t\t\t<div class=\"wd-text-block reset-last-child text-left\">\n\t\t\t\n\t\t\t<h2><strong>\u0427\u0442\u043e \u0434\u043e\u0441\u0442\u0443\u043f\u043d\u043e \u043f\u043e \u043f\u043e\u0434\u0430\u0440\u043e\u0447\u043d\u043e\u0439 \u043a\u0430\u0440\u0442\u0435?<\/strong><\/h2><ul><li class=\"translation-block\"><strong>\u041a\u0435\u0440\u0430\u0442\u0438\u043d\u043e\u0432\u043e\u0435 \u0432\u044b\u043f\u0440\u044f\u043c\u043b\u0435\u043d\u0438\u0435<\/strong> \u2013 \u0433\u043b\u0430\u0434\u043a\u0438\u0435 \u0438 \u0448\u0435\u043b\u043a\u043e\u0432\u0438\u0441\u0442\u044b\u0435 \u0432\u043e\u043b\u043e\u0441\u044b \u043d\u0430 \u0434\u043e\u043b\u0433\u0438\u0435 \u043c\u0435\u0441\u044f\u0446\u044b.<\/li><li><strong>\u041f\u0440\u043e\u0446\u0435\u0434\u0443\u0440\u0430 \u0434\u0438\u0441\u0446\u0438\u043f\u043b\u0438\u043d\u0438\u0440\u043e\u0432\u0430\u043d\u0438\u044f \u0432\u043e\u043b\u043e\u0441<\/strong> - \u0433\u043b\u0443\u0431\u043e\u043a\u043e\u0435 \u043f\u0438\u0442\u0430\u043d\u0438\u0435, \u0438\u043d\u0442\u0435\u043d\u0441\u0438\u0432\u043d\u044b\u0439 \u0431\u043b\u0435\u0441\u043a \u0438 \u0438\u0434\u0435\u0430\u043b\u044c\u043d\u0430\u044f \u0434\u0438\u0441\u0446\u0438\u043f\u043b\u0438\u043d\u0430.<\/li><li><strong>\u041d\u0430\u043d\u043e\u043f\u043b\u0430\u0441\u0442\u0438\u043a\u0430<\/strong> \u2013 \u0440\u0435\u0432\u043e\u043b\u044e\u0446\u0438\u043e\u043d\u043d\u0430\u044f \u043f\u0440\u043e\u0446\u0435\u0434\u0443\u0440\u0430 \u0434\u043e\u043b\u0433\u043e\u0432\u0440\u0435\u043c\u0435\u043d\u043d\u043e\u0433\u043e \u0432\u044b\u043f\u0440\u044f\u043c\u043b\u0435\u043d\u0438\u044f \u0432\u043e\u043b\u043e\u0441.<\/li><li><strong>\u0425\u043e\u043b\u043e\u0434\u043d\u043e\u0435 \u0432\u043e\u0441\u0441\u0442\u0430\u043d\u043e\u0432\u043b\u0435\u043d\u0438\u0435<\/strong> \u2013 \u0432\u043e\u0437\u0432\u0440\u0430\u0449\u0430\u0435\u0442 \u043a \u0436\u0438\u0437\u043d\u0438 \u0434\u0430\u0436\u0435 \u043e\u0447\u0435\u043d\u044c \u043f\u043e\u0432\u0440\u0435\u0436\u0434\u0435\u043d\u043d\u044b\u0435 \u0432\u043e\u043b\u043e\u0441\u044b.<\/li><li><strong><strong>\u041f\u0438\u043b\u0438\u043d\u0433 \u0434\u043b\u044f \u043a\u043e\u0436\u0438 \u0433\u043e\u043b\u043e\u0432\u044b<\/strong><\/strong> \u2013 \u0438\u0434\u0435\u0430\u043b\u044c\u043d\u043e\u0435 \u0440\u0435\u0448\u0435\u043d\u0438\u0435 \u0434\u043b\u044f \u043e\u0437\u0434\u043e\u0440\u043e\u0432\u043b\u0435\u043d\u0438\u044f \u0432\u043e\u043b\u043e\u0441 \u0438 \u043a\u043e\u0436\u0438.<\/li><\/ul>\n\t\t\t\t\t<\/div>\n\t\t\t\t\t\t<\/div>\n\t\t\t\t<\/div>\n\t\t\t\t<div class=\"elementor-element elementor-element-d395545 elementor-widget elementor-widget-wd_text_block\" data-id=\"d395545\" data-element_type=\"widget\" data-widget_type=\"wd_text_block.default\">\n\t\t\t\t<div class=\"elementor-widget-container\">\n\t\t\t\t\t\t\t<div class=\"wd-text-block reset-last-child text-left\">\n\t\t\t\n\t\t\t<h2><strong>\u041f\u0440\u0435\u0438\u043c\u0443\u0449\u0435\u0441\u0442\u0432\u0430 \u043f\u043e\u0434\u0430\u0440\u043e\u0447\u043d\u043e\u0439 \u043a\u0430\u0440\u0442\u044b Hair Art Hub<\/strong><\/h2><ul><li class=\"translation-block\"><strong>\u0413\u0438\u0431\u043a\u043e\u0441\u0442\u044c<\/strong>: \u043f\u043e\u0434\u0430\u0440\u0438\u0442\u0435 \u043b\u044e\u0431\u0443\u044e \u0441\u0443\u043c\u043c\u0443 \u043d\u0430 \u0432\u044b\u0431\u043e\u0440.<\/li><li class=\"translation-block\"><strong>\u041b\u0435\u0433\u043a\u043e \u0438\u0441\u043f\u043e\u043b\u044c\u0437\u043e\u0432\u0430\u0442\u044c<\/strong>: \u043a\u0430\u0440\u0442\u0430 \u0434\u0435\u0439\u0441\u0442\u0432\u0443\u0435\u0442 \u043d\u0430 \u0432\u0441\u0435 \u043f\u0440\u043e\u0446\u0435\u0434\u0443\u0440\u044b \u0441\u0430\u043b\u043e\u043d\u0430.<\/li><li class=\"translation-block\"><strong>\u041f\u0440\u043e\u0444\u0435\u0441\u0441\u0438\u043e\u043d\u0430\u043b\u044c\u043d\u044b\u0439 \u0443\u0445\u043e\u0434<\/strong>: \u043c\u044b \u0438\u043d\u0434\u0438\u0432\u0438\u0434\u0443\u0430\u043b\u044c\u043d\u043e \u043f\u043e\u0434\u0431\u0435\u0440\u0451\u043c \u0438\u0434\u0435\u0430\u043b\u044c\u043d\u044b\u0435 \u0440\u0435\u0448\u0435\u043d\u0438\u044f \u0434\u043b\u044f \u043a\u0430\u0436\u0434\u043e\u0433\u043e \u043a\u043b\u0438\u0435\u043d\u0442\u0430.<\/li><\/ul>\n\t\t\t\t\t<\/div>\n\t\t\t\t\t\t<\/div>\n\t\t\t\t<\/div>\n\t\t\t\t<\/div>\n\t\t\t\t<div class=\"elementor-element elementor-element-8d0d522 elementor-widget elementor-widget-wd_text_block\" data-id=\"8d0d522\" data-element_type=\"widget\" data-widget_type=\"wd_text_block.default\">\n\t\t\t\t<div class=\"elementor-widget-container\">\n\t\t\t\t\t\t\t<div class=\"wd-text-block reset-last-child text-center\">\n\t\t\t\n\t\t\t<p>\ud83c\udf81 <strong>\ud83c\udf81 <strong>\u041f\u043e\u0440\u0430\u0434\u0443\u0439\u0442\u0435 \u0441\u0432\u043e\u0438\u0445 \u0431\u043b\u0438\u0437\u043a\u0438\u0445 \u043f\u043e\u0434\u0430\u0440\u043a\u043e\u043c, \u043a\u043e\u0442\u043e\u0440\u044b\u0439 \u043f\u043e\u0434\u0447\u0435\u0440\u043a\u043d\u0451\u0442 \u0438\u0445 \u043a\u0440\u0430\u0441\u043e\u0442\u0443 \u0438 \u0443\u0432\u0435\u0440\u0435\u043d\u043d\u043e\u0441\u0442\u044c!<\/strong><\/strong><\/p><p class=\"translation-block\"><p>\ud83d\udcac <strong>\u0417\u0430\u043a\u0430\u0436\u0438\u0442\u0435 \u043f\u043e\u0434\u0430\u0440\u043e\u0447\u043d\u0443\u044e \u043a\u0430\u0440\u0442\u0443 \u043f\u0440\u044f\u043c\u043e \u0441\u0435\u0439\u0447\u0430\u0441!<\/strong><\/p>\n<p>\ud83d\udccd <strong>\u0410\u0434\u0440\u0435\u0441:<\/strong> Decebal 99C, \u041a\u0438\u0448\u0438\u043d\u0451\u0432, \u041c\u043e\u043b\u0434\u043e\u0432\u0430<\/p>\n<p>\ud83d\udcde <strong>\u0422\u0435\u043b\u0435\u0444\u043e\u043d:<\/strong> +373 68003680<\/p><\/p>\n\t\t\t\t\t<\/div>\n\t\t\t\t\t\t<\/div>\n\t\t\t\t<\/div>\n\t\t\t\t\t<\/div>\n\t\t\t\t<\/div>\n\t\t<div class=\"wd-negative-gap elementor-element elementor-element-ff5a59e e-flex e-con-boxed e-con e-parent\" data-id=\"ff5a59e\" data-element_type=\"container\">\n\t\t\t\t\t<div class=\"e-con-inner\">\n\t\t\t\t<div class=\"elementor-element elementor-element-8e0e08e elementor-hidden-desktop elementor-hidden-tablet wd-width-100 elementor-widget elementor-widget-wd_video\" data-id=\"8e0e08e\" data-element_type=\"widget\" data-widget_type=\"wd_video.default\">\n\t\t\t\t<div class=\"elementor-widget-container\">\n\t\t\t\t\t\t\t\t<link rel=\"stylesheet\" id=\"wd-el-video-css\" href=\"https:\/\/hairart.md\/wp-content\/themes\/woodmart\/css\/parts\/el-video.min.css?ver=7.6.0\" type=\"text\/css\" media=\"all\" \/> \t\t\t\n\t\t<div class=\"wd-el-video wd-action-without wd-video-hosted wd-with-aspect-ratio\">\n\t\t\t\t\t\t\t<video src=\"https:\/\/gor.agensium.com\/wp-content\/uploads\/2024\/12\/SaveClip.mp4\" playsinline controls preload=\"metadata\" poster=\"https:\/\/hairart.md\/wp-content\/uploads\/2024\/12\/SaveClip.App_407339607_908655037596489_2201074183993179211_n-jpg.avif\"><\/video>\t\t\t\n\t\t\t\n\t\t\t\n\t\t\t\t\t<\/div>\n\t\t\t\t\t\t<\/div>\n\t\t\t\t<\/div>\n\t\t\t\t\t<\/div>\n\t\t\t\t<\/div>\n\t\t\t\t<\/div>","protected":false},"excerpt":{"rendered":"<p>Card Cadou Hair Art Hub \u2013 Darul perfect pentru frumuse\u021bea \u0219i \u00eengrijirea p\u0103rului! C\u0103uta\u021bi un cadou unic pentru cineva drag?<\/p>","protected":false},"author":1,"featured_media":0,"parent":0,"menu_order":0,"comment_status":"closed","ping_status":"closed","template":"","meta":{"footnotes":""},"class_list":["post-16718","page","type-page","status-publish","hentry"],"yoast_head":"<!-- This site is optimized with the Yoast SEO plugin v24.3 - https:\/\/yoast.com\/wordpress\/plugins\/seo\/ -->\n<title>Gift Card Hair Art Hub \u2013 \u00cengrijire profesional\u0103 pentru p\u0103r \u00een Chi\u0219in\u0103u<\/title>\n<meta name=\"description\" content=\"Ofer\u0103 frumuse\u021bea perfect\u0103 cu gift card Hair Art Hub! Servicii: \u00eendreptare cu keratin\u0103, botox pentru p\u0103r, nanoplastie, reconstruc\u021bie \u0219i peeling scalp. Comand\u0103 online sau telefonic. Cadoul ideal pentru cei dragi!\" \/>\n<meta name=\"robots\" content=\"index, follow, max-snippet:-1, max-image-preview:large, max-video-preview:-1\" \/>\n<link rel=\"canonical\" href=\"https:\/\/hairart.md\/ru\/gift-card\/\" \/>\n<meta property=\"og:locale\" content=\"ru_RU\" \/>\n<meta property=\"og:type\" content=\"article\" \/>\n<meta property=\"og:title\" content=\"Gift Card Hair Art Hub \u2013 \u00cengrijire profesional\u0103 pentru p\u0103r \u00een Chi\u0219in\u0103u\" \/>\n<meta property=\"og:description\" content=\"Ofer\u0103 frumuse\u021bea perfect\u0103 cu gift card Hair Art Hub! Servicii: \u00eendreptare cu keratin\u0103, botox pentru p\u0103r, nanoplastie, reconstruc\u021bie \u0219i peeling scalp. Comand\u0103 online sau telefonic. Cadoul ideal pentru cei dragi!\" \/>\n<meta property=\"og:url\" content=\"https:\/\/hairart.md\/ru\/gift-card\/\" \/>\n<meta property=\"og:site_name\" content=\"Hair Art Hub\" \/>\n<meta property=\"article:publisher\" content=\"https:\/\/www.facebook.com\/profile.php?id=100075874990808\" \/>\n<meta property=\"article:modified_time\" content=\"2025-01-23T07:50:44+00:00\" \/>\n<meta property=\"og:image\" content=\"https:\/\/hairart.md\/wp-content\/uploads\/2024\/12\/IMG_9564-1-jpg-e1734516578876-1182x800.avif\" \/>\n<meta name=\"twitter:card\" content=\"summary_large_image\" \/>\n<meta name=\"twitter:label1\" content=\"\u041f\u0440\u0438\u043c\u0435\u0440\u043d\u043e\u0435 \u0432\u0440\u0435\u043c\u044f \u0434\u043b\u044f \u0447\u0442\u0435\u043d\u0438\u044f\" \/>\n\t<meta name=\"twitter:data1\" content=\"2 \u043c\u0438\u043d\u0443\u0442\u044b\" \/>\n<!-- \/ Yoast SEO plugin. -->","yoast_head_json":{"title":"Gift Card Hair Art Hub \u2013 \u00cengrijire profesional\u0103 pentru p\u0103r \u00een Chi\u0219in\u0103u","description":"Ofer\u0103 frumuse\u021bea perfect\u0103 cu gift card Hair Art Hub! Servicii: \u00eendreptare cu keratin\u0103, botox pentru p\u0103r, nanoplastie, reconstruc\u021bie \u0219i peeling scalp. Comand\u0103 online sau telefonic. Cadoul ideal pentru cei dragi!","robots":{"index":"index","follow":"follow","max-snippet":"max-snippet:-1","max-image-preview":"max-image-preview:large","max-video-preview":"max-video-preview:-1"},"canonical":"https:\/\/hairart.md\/ru\/gift-card\/","og_locale":"ru_RU","og_type":"article","og_title":"Gift Card Hair Art Hub \u2013 \u00cengrijire profesional\u0103 pentru p\u0103r \u00een Chi\u0219in\u0103u","og_description":"Ofer\u0103 frumuse\u021bea perfect\u0103 cu gift card Hair Art Hub! Servicii: \u00eendreptare cu keratin\u0103, botox pentru p\u0103r, nanoplastie, reconstruc\u021bie \u0219i peeling scalp. Comand\u0103 online sau telefonic. Cadoul ideal pentru cei dragi!","og_url":"https:\/\/hairart.md\/ru\/gift-card\/","og_site_name":"Hair Art Hub","article_publisher":"https:\/\/www.facebook.com\/profile.php?id=100075874990808","article_modified_time":"2025-01-23T07:50:44+00:00","og_image":[{"url":"https:\/\/hairart.md\/wp-content\/uploads\/2024\/12\/IMG_9564-1-jpg-e1734516578876-1182x800.avif","type":"","width":"","height":""}],"twitter_card":"summary_large_image","twitter_misc":{"\u041f\u0440\u0438\u043c\u0435\u0440\u043d\u043e\u0435 \u0432\u0440\u0435\u043c\u044f \u0434\u043b\u044f \u0447\u0442\u0435\u043d\u0438\u044f":"2 \u043c\u0438\u043d\u0443\u0442\u044b"},"schema":{"@context":"https:\/\/schema.org","@graph":[{"@type":"WebPage","@id":"https:\/\/hairart.md\/gift-card\/","url":"https:\/\/hairart.md\/gift-card\/","name":"Gift Card Hair Art Hub \u2013 \u00cengrijire profesional\u0103 pentru p\u0103r \u00een Chi\u0219in\u0103u","isPartOf":{"@id":"https:\/\/hairart.md\/#website"},"primaryImageOfPage":{"@id":"https:\/\/hairart.md\/gift-card\/#primaryimage"},"image":{"@id":"https:\/\/hairart.md\/gift-card\/#primaryimage"},"thumbnailUrl":"https:\/\/hairart.md\/wp-content\/uploads\/2024\/12\/IMG_9564-1-jpg-e1734516578876-1182x800.avif","datePublished":"2024-11-01T09:29:42+00:00","dateModified":"2025-01-23T07:50:44+00:00","description":"Ofer\u0103 frumuse\u021bea perfect\u0103 cu gift card Hair Art Hub! Servicii: \u00eendreptare cu keratin\u0103, botox pentru p\u0103r, nanoplastie, reconstruc\u021bie \u0219i peeling scalp. Comand\u0103 online sau telefonic. Cadoul ideal pentru cei dragi!","breadcrumb":{"@id":"https:\/\/hairart.md\/gift-card\/#breadcrumb"},"inLanguage":"ru-RU","potentialAction":[{"@type":"ReadAction","target":["https:\/\/hairart.md\/gift-card\/"]}]},{"@type":"ImageObject","inLanguage":"ru-RU","@id":"https:\/\/hairart.md\/gift-card\/#primaryimage","url":"https:\/\/hairart.md\/wp-content\/uploads\/2024\/12\/IMG_9564-1-jpg-e1734516578876-1182x800.avif","contentUrl":"https:\/\/hairart.md\/wp-content\/uploads\/2024\/12\/IMG_9564-1-jpg-e1734516578876-1182x800.avif"},{"@type":"BreadcrumbList","@id":"https:\/\/hairart.md\/gift-card\/#breadcrumb","itemListElement":[{"@type":"ListItem","position":1,"name":"Prima pagin\u0103","item":"https:\/\/hairart.md\/"},{"@type":"ListItem","position":2,"name":"Gift card"}]},{"@type":"WebSite","@id":"https:\/\/hairart.md\/#website","url":"https:\/\/hairart.md\/","name":"Hair Art Hub","description":"Hair Art","potentialAction":[{"@type":"SearchAction","target":{"@type":"EntryPoint","urlTemplate":"https:\/\/hairart.md\/?s={search_term_string}"},"query-input":{"@type":"PropertyValueSpecification","valueRequired":true,"valueName":"search_term_string"}}],"inLanguage":"ru-RU"}]}},"_links":{"self":[{"href":"https:\/\/hairart.md\/ru\/wp-json\/wp\/v2\/pages\/16718","targetHints":{"allow":["GET"]}}],"collection":[{"href":"https:\/\/hairart.md\/ru\/wp-json\/wp\/v2\/pages"}],"about":[{"href":"https:\/\/hairart.md\/ru\/wp-json\/wp\/v2\/types\/page"}],"author":[{"embeddable":true,"href":"https:\/\/hairart.md\/ru\/wp-json\/wp\/v2\/users\/1"}],"replies":[{"embeddable":true,"href":"https:\/\/hairart.md\/ru\/wp-json\/wp\/v2\/comments?post=16718"}],"version-history":[{"count":0,"href":"https:\/\/hairart.md\/ru\/wp-json\/wp\/v2\/pages\/16718\/revisions"}],"wp:attachment":[{"href":"https:\/\/hairart.md\/ru\/wp-json\/wp\/v2\/media?parent=16718"}],"curies":[{"name":"wp","href":"https:\/\/api.w.org\/{rel}","templated":true}]}}